{"id":463,"date":"2024-02-06T16:34:35","date_gmt":"2024-02-06T15:34:35","guid":{"rendered":"https:\/\/fylketeknik.se\/?page_id=463"},"modified":"2024-02-06T16:43:23","modified_gmt":"2024-02-06T15:43:23","slug":"dataskydd","status":"publish","type":"page","link":"https:\/\/fylketeknik.se\/en\/dataskydd\/","title":{"rendered":"Data protection"},"content":{"rendered":"<div data-elementor-type=\"wp-page\" data-elementor-id=\"463\" class=\"elementor elementor-463\" data-elementor-post-type=\"page\">\n\t\t\t\t<div class=\"elementor-element elementor-element-5fa78bf e-flex e-con-boxed e-con e-parent\" data-id=\"5fa78bf\" data-element_type=\"container\" data-e-type=\"container\">\n\t\t\t\t\t<div class=\"e-con-inner\">\n\t\t<div class=\"elementor-element elementor-element-b128c59 e-con-full e-flex e-con e-child\" data-id=\"b128c59\" data-element_type=\"container\" data-e-type=\"container\" data-settings=\"{&quot;background_background&quot;:&quot;classic&quot;}\">\n\t\t\t\t<div class=\"elementor-element elementor-element-60eed44 elementor-widget elementor-widget-heading\" data-id=\"60eed44\" data-element_type=\"widget\" data-e-type=\"widget\" data-widget_type=\"heading.default\">\n\t\t\t\t<div class=\"elementor-widget-container\">\n\t\t\t\t\t<h2 class=\"elementor-heading-title elementor-size-default\">Privacy &amp; dataskydd<\/h2>\t\t\t\t<\/div>\n\t\t\t\t<\/div>\n\t\t\t\t<div class=\"elementor-element elementor-element-b356f76 elementor-widget__width-initial elementor-widget-mobile__width-inherit elementor-widget elementor-widget-text-editor\" data-id=\"b356f76\" data-element_type=\"widget\" data-e-type=\"widget\" data-widget_type=\"text-editor.default\">\n\t\t\t\t<div class=\"elementor-widget-container\">\n\t\t\t\t\t\t\t\t\t<p>At Fylke Teknik AB, org.no: 559442-4615, we value your privacy and strive to protect your personal data in accordance with GDPR (General Data Protection Regulation) and other relevant data protection regulations. Our store offers a wide range of products, from household items to clothing and toys, and we understand the importance of handling the information you share with us responsibly.<\/p><h5><em><br \/>How we collect and use your personal data<\/em><\/h5><p>The only personal data we collect is your full name and email address. This data is used for the following purposes:<\/p><ul><li>Send information and offers for marketing purposes.<\/li><li>Improve our customer service.<\/li><li>Analyze user behaviors to better understand our customers' needs and preferences.<\/li><\/ul><p>\u00a0<\/p><h5><em>Your Safety is Our Priority<\/em><\/h5><p>We take various security measures to protect your personal data. While we cannot specify exact details here (for security reasons), our measures include encryption, secure storage and limited access to your data.<\/p><h5><em><br \/>Your Rights<\/em><\/h5><p>According to the GDPR, you have the right to:<\/p><ul><li>Request access to the personal data we have about you.<\/li><li>Request correction of incorrect or incomplete information.<\/li><li>Under certain circumstances, request that your personal data be deleted.<\/li><li>Object to certain processing of your data.<\/li><li>Request restriction of the processing of your personal data.<\/li><\/ul><h5><em><strong><br \/><\/strong>Contact Us<br \/><\/em><\/h5><p>For questions about our data protection policy or to exercise your rights, please contact us by email: <a href=\"mailto:info@fylketeknik.com\">info@fylketeknik.com<\/a><\/p>\t\t\t\t\t\t\t\t<\/div>\n\t\t\t\t<\/div>\n\t\t\t\t<\/div>\n\t\t\t\t\t<\/div>\n\t\t\t\t<\/div>\n\t\t\t\t<\/div>","protected":false},"excerpt":{"rendered":"<p>Privacy &#038; dataskydd P\u00e5 Fylke Teknik AB, org.nr: 559442-4615, v\u00e4rderar vi din integritet och str\u00e4var efter att skydda dina personuppgifter i enlighet med GDPR (General Data Protection Regulation) och andra relevanta dataskyddsf\u00f6reskrifter. V\u00e5r butik erbjuder ett brett utbud av produkter, fr\u00e5n hush\u00e5llsartiklar till kl\u00e4der och leksaker, och vi f\u00f6rst\u00e5r vikten av att hantera de uppgifter [&hellip;]<\/p>\n","protected":false},"author":2,"featured_media":0,"parent":0,"menu_order":0,"comment_status":"closed","ping_status":"closed","template":"","meta":{"footnotes":""},"class_list":["post-463","page","type-page","status-publish","hentry"],"_links":{"self":[{"href":"https:\/\/fylketeknik.se\/en\/wp-json\/wp\/v2\/pages\/463","targetHints":{"allow":["GET"]}}],"collection":[{"href":"https:\/\/fylketeknik.se\/en\/wp-json\/wp\/v2\/pages"}],"about":[{"href":"https:\/\/fylketeknik.se\/en\/wp-json\/wp\/v2\/types\/page"}],"author":[{"embeddable":true,"href":"https:\/\/fylketeknik.se\/en\/wp-json\/wp\/v2\/users\/2"}],"replies":[{"embeddable":true,"href":"https:\/\/fylketeknik.se\/en\/wp-json\/wp\/v2\/comments?post=463"}],"version-history":[{"count":14,"href":"https:\/\/fylketeknik.se\/en\/wp-json\/wp\/v2\/pages\/463\/revisions"}],"predecessor-version":[{"id":479,"href":"https:\/\/fylketeknik.se\/en\/wp-json\/wp\/v2\/pages\/463\/revisions\/479"}],"wp:attachment":[{"href":"https:\/\/fylketeknik.se\/en\/wp-json\/wp\/v2\/media?parent=463"}],"curies":[{"name":"wp","href":"https:\/\/api.w.org\/{rel}","templated":true}]}}