{"id":5,"date":"2024-01-29T17:26:20","date_gmt":"2024-01-29T17:26:20","guid":{"rendered":"https:\/\/fylketeknik.se\/sample-home-page\/"},"modified":"2024-02-10T16:09:09","modified_gmt":"2024-02-10T15:09:09","slug":"sample-home-page","status":"publish","type":"page","link":"https:\/\/fylketeknik.se\/en\/","title":{"rendered":"Home page"},"content":{"rendered":"<div data-elementor-type=\"wp-page\" data-elementor-id=\"5\" class=\"elementor elementor-5\" data-elementor-post-type=\"page\">\n\t\t\t\t<div class=\"elementor-element elementor-element-e2c32b8 e-flex e-con-boxed e-con e-parent\" data-id=\"e2c32b8\" data-element_type=\"container\" data-e-type=\"container\" data-settings=\"{&quot;background_background&quot;:&quot;classic&quot;}\">\n\t\t\t\t\t<div class=\"e-con-inner\">\n\t\t\t\t<div class=\"elementor-element elementor-element-b19d2ff elementor-widget-tablet__width-initial elementor-widget-mobile__width-inherit elementor-widget__width-initial elementor-widget elementor-widget-heading\" data-id=\"b19d2ff\" data-element_type=\"widget\" data-e-type=\"widget\" data-widget_type=\"heading.default\">\n\t\t\t\t<div class=\"elementor-widget-container\">\n\t\t\t\t\t<h2 class=\"elementor-heading-title elementor-size-default\">Smart technology for \n<br \/>\nthe process industry of the future<\/h2>\t\t\t\t<\/div>\n\t\t\t\t<\/div>\n\t\t\t\t<div class=\"elementor-element elementor-element-4b5124a elementor-widget-tablet__width-initial elementor-widget-mobile__width-inherit elementor-widget elementor-widget-heading\" data-id=\"4b5124a\" data-element_type=\"widget\" data-e-type=\"widget\" data-widget_type=\"heading.default\">\n\t\t\t\t<div class=\"elementor-widget-container\">\n\t\t\t\t\t<h2 class=\"elementor-heading-title elementor-size-default\">We offer modern process equipment, machines and components tailored for the process industry in the Nordics.<\/h2>\t\t\t\t<\/div>\n\t\t\t\t<\/div>\n\t\t\t\t<div class=\"elementor-element elementor-element-87321bf elementor-align-center elementor-widget__width-auto elementor-mobile-align-justify elementor-hidden-desktop elementor-hidden-tablet elementor-widget elementor-widget-button\" data-id=\"87321bf\" data-element_type=\"widget\" data-e-type=\"widget\" data-widget_type=\"button.default\">\n\t\t\t\t<div class=\"elementor-widget-container\">\n\t\t\t\t\t\t\t\t\t<div class=\"elementor-button-wrapper\">\n\t\t\t\t\t<a class=\"elementor-button elementor-button-link elementor-size-sm\" href=\"https:\/\/fylketeknik.se\/en\/kontakt\/\">\n\t\t\t\t\t\t<span class=\"elementor-button-content-wrapper\">\n\t\t\t\t\t\t\t\t\t<span class=\"elementor-button-text\">Contact Us<\/span>\n\t\t\t\t\t<\/span>\n\t\t\t\t\t<\/a>\n\t\t\t\t<\/div>\n\t\t\t\t\t\t\t\t<\/div>\n\t\t\t\t<\/div>\n\t\t\t\t\t<\/div>\n\t\t\t\t<\/div>\n\t\t<div class=\"elementor-element elementor-element-bf48113 e-flex e-con-boxed e-con e-parent\" data-id=\"bf48113\" data-element_type=\"container\" data-e-type=\"container\">\n\t\t\t\t\t<div class=\"e-con-inner\">\n\t\t<div class=\"elementor-element elementor-element-05f01ca e-con-full e-flex e-con e-child\" data-id=\"05f01ca\" data-element_type=\"container\" data-e-type=\"container\" id=\"om-oss\" data-settings=\"{&quot;background_background&quot;:&quot;classic&quot;}\">\n\t\t\t\t<div class=\"elementor-element elementor-element-3607573 elementor-widget elementor-widget-html\" data-id=\"3607573\" data-element_type=\"widget\" data-e-type=\"widget\" data-widget_type=\"html.default\">\n\t\t\t\t<div class=\"elementor-widget-container\">\n\t\t\t\t\t<div class=\"dot\"><\/div>\t\t\t\t<\/div>\n\t\t\t\t<\/div>\n\t\t\t\t<div class=\"elementor-element elementor-element-c6af61a elementor-widget elementor-widget-heading\" data-id=\"c6af61a\" data-element_type=\"widget\" data-e-type=\"widget\" data-widget_type=\"heading.default\">\n\t\t\t\t<div class=\"elementor-widget-container\">\n\t\t\t\t\t<h2 class=\"elementor-heading-title elementor-size-default\">Welcome to Fylke Teknik AB<\/h2>\t\t\t\t<\/div>\n\t\t\t\t<\/div>\n\t\t\t\t<\/div>\n\t\t<div class=\"elementor-element elementor-element-ac976cf e-con-full e-flex e-con e-child\" data-id=\"ac976cf\" data-element_type=\"container\" data-e-type=\"container\" data-settings=\"{&quot;background_background&quot;:&quot;classic&quot;}\">\n\t\t<div class=\"elementor-element elementor-element-1afb8ed e-con-full elementor-hidden-mobile e-flex e-con e-child\" data-id=\"1afb8ed\" data-element_type=\"container\" data-e-type=\"container\">\n\t\t\t\t<\/div>\n\t\t<div class=\"elementor-element elementor-element-1cd4f41 e-con-full e-flex e-con e-child\" data-id=\"1cd4f41\" data-element_type=\"container\" data-e-type=\"container\">\n\t\t\t\t<div class=\"elementor-element elementor-element-df694b7 elementor-widget elementor-widget-heading\" data-id=\"df694b7\" data-element_type=\"widget\" data-e-type=\"widget\" data-widget_type=\"heading.default\">\n\t\t\t\t<div class=\"elementor-widget-container\">\n\t\t\t\t\t<h2 class=\"elementor-heading-title elementor-size-default\">We are your partner in innovation and sustainability for the process industry. Since our founding in 2023, we have proudly embarked on our journey to provide the latest process equipment, machinery and custom components to companies throughout the Nordics.<\/h2>\t\t\t\t<\/div>\n\t\t\t\t<\/div>\n\t\t\t\t<div class=\"elementor-element elementor-element-9ffa911 elementor-widget-divider--view-line elementor-widget elementor-widget-divider\" data-id=\"9ffa911\" data-element_type=\"widget\" data-e-type=\"widget\" data-widget_type=\"divider.default\">\n\t\t\t\t<div class=\"elementor-widget-container\">\n\t\t\t\t\t\t\t<div class=\"elementor-divider\">\n\t\t\t<span class=\"elementor-divider-separator\">\n\t\t\t\t\t\t<\/span>\n\t\t<\/div>\n\t\t\t\t\t\t<\/div>\n\t\t\t\t<\/div>\n\t\t<div class=\"elementor-element elementor-element-08a4e5f e-flex e-con-boxed e-con e-child\" data-id=\"08a4e5f\" data-element_type=\"container\" data-e-type=\"container\">\n\t\t\t\t\t<div class=\"e-con-inner\">\n\t\t<div class=\"elementor-element elementor-element-97a38dc e-flex e-con-boxed e-con e-child\" data-id=\"97a38dc\" data-element_type=\"container\" data-e-type=\"container\">\n\t\t\t\t\t<div class=\"e-con-inner\">\n\t\t<div class=\"elementor-element elementor-element-8fa76ab e-flex e-con-boxed e-con e-child\" data-id=\"8fa76ab\" data-element_type=\"container\" data-e-type=\"container\">\n\t\t\t\t\t<div class=\"e-con-inner\">\n\t\t\t\t<div class=\"elementor-element elementor-element-6b88e3d elementor-widget elementor-widget-text-editor\" data-id=\"6b88e3d\" data-element_type=\"widget\" data-e-type=\"widget\" data-widget_type=\"text-editor.default\">\n\t\t\t\t<div class=\"elementor-widget-container\">\n\t\t\t\t\t\t\t\t\t<p>We strive to be more than just a supplier; we are driven by the vision to contribute to a more sustainable future. At Fylke Teknik, we believe in being an active part in the industry's transition towards environmentally friendly and efficient process solutions. By integrating innovation and technology, we work towards creating resource-efficient systems and contributing to a positive impact on our global environment.<\/p>\t\t\t\t\t\t\t\t<\/div>\n\t\t\t\t<\/div>\n\t\t\t\t\t<\/div>\n\t\t\t\t<\/div>\n\t\t<div class=\"elementor-element elementor-element-153c5be e-flex e-con-boxed e-con e-child\" data-id=\"153c5be\" data-element_type=\"container\" data-e-type=\"container\">\n\t\t\t\t\t<div class=\"e-con-inner\">\n\t\t\t\t<div class=\"elementor-element elementor-element-2f4e5aa elementor-widget elementor-widget-text-editor\" data-id=\"2f4e5aa\" data-element_type=\"widget\" data-e-type=\"widget\" data-widget_type=\"text-editor.default\">\n\t\t\t\t<div class=\"elementor-widget-container\">\n\t\t\t\t\t\t\t\t\t<p>Our dedicated team of experts is here to guide you through the latest technology and create customized solutions that fit your unique needs. We combine technical know-how with a strong commitment to sustainability to deliver high-quality products and services that make a difference.<\/p>\t\t\t\t\t\t\t\t<\/div>\n\t\t\t\t<\/div>\n\t\t\t\t\t<\/div>\n\t\t\t\t<\/div>\n\t\t\t\t\t<\/div>\n\t\t\t\t<\/div>\n\t\t\t\t<div class=\"elementor-element elementor-element-5f8e2fe elementor-widget elementor-widget-text-editor\" data-id=\"5f8e2fe\" data-element_type=\"widget\" data-e-type=\"widget\" data-widget_type=\"text-editor.default\">\n\t\t\t\t<div class=\"elementor-widget-container\">\n\t\t\t\t\t\t\t\t\t<p>Together with you, we look forward to shaping a more sustainable and efficient future for the process industry. Every step we take is part of our journey towards making the world a better place, and we invite you to be part of that change with Fylke Teknik AB.<\/p>\t\t\t\t\t\t\t\t<\/div>\n\t\t\t\t<\/div>\n\t\t\t\t\t<\/div>\n\t\t\t\t<\/div>\n\t\t\t\t<\/div>\n\t\t\t\t<\/div>\n\t\t<div class=\"elementor-element elementor-element-36a8663 e-con-full e-flex e-con e-child\" data-id=\"36a8663\" data-element_type=\"container\" data-e-type=\"container\" id=\"leverantorer\" data-settings=\"{&quot;background_background&quot;:&quot;classic&quot;}\">\n\t\t\t\t<div class=\"elementor-element elementor-element-e415b6d elementor-widget elementor-widget-html\" data-id=\"e415b6d\" data-element_type=\"widget\" data-e-type=\"widget\" data-widget_type=\"html.default\">\n\t\t\t\t<div class=\"elementor-widget-container\">\n\t\t\t\t\t<div class=\"dot\"><\/div>\t\t\t\t<\/div>\n\t\t\t\t<\/div>\n\t\t\t\t<div class=\"elementor-element elementor-element-3cf091d elementor-widget elementor-widget-heading\" data-id=\"3cf091d\" data-element_type=\"widget\" data-e-type=\"widget\" data-widget_type=\"heading.default\">\n\t\t\t\t<div class=\"elementor-widget-container\">\n\t\t\t\t\t<h2 class=\"elementor-heading-title elementor-size-default\">Our suppliers<\/h2>\t\t\t\t<\/div>\n\t\t\t\t<\/div>\n\t\t\t\t<\/div>\n\t\t<div class=\"elementor-element elementor-element-4645084 e-con-full e-flex e-con e-child\" data-id=\"4645084\" data-element_type=\"container\" data-e-type=\"container\" data-settings=\"{&quot;background_background&quot;:&quot;classic&quot;}\">\n\t\t<div class=\"elementor-element elementor-element-d404023 e-con-full e-flex e-con e-child\" data-id=\"d404023\" data-element_type=\"container\" data-e-type=\"container\">\n\t\t\t\t<div class=\"elementor-element elementor-element-48c079b elementor-widget elementor-widget-heading\" data-id=\"48c079b\" data-element_type=\"widget\" data-e-type=\"widget\" data-widget_type=\"heading.default\">\n\t\t\t\t<div class=\"elementor-widget-container\">\n\t\t\t\t\t<h2 class=\"elementor-heading-title elementor-size-default\">A Partnership for Sustainable Innovation!<\/h2>\t\t\t\t<\/div>\n\t\t\t\t<\/div>\n\t\t\t\t<div class=\"elementor-element elementor-element-a6549bf elementor-widget elementor-widget-text-editor\" data-id=\"a6549bf\" data-element_type=\"widget\" data-e-type=\"widget\" data-widget_type=\"text-editor.default\">\n\t\t\t\t<div class=\"elementor-widget-container\">\n\t\t\t\t\t\t\t\t\t<p>Together with our partners, selected for their expertise and commitment to environmentally friendly processes, we create customized systems that meet your needs while striving for a better global environment.<\/p>\t\t\t\t\t\t\t\t<\/div>\n\t\t\t\t<\/div>\n\t\t\t\t<\/div>\n\t\t<div class=\"elementor-element elementor-element-757e7d5 e-con-full e-flex e-con e-child\" data-id=\"757e7d5\" data-element_type=\"container\" data-e-type=\"container\">\n\t\t<div class=\"elementor-element elementor-element-971b14f e-flex e-con-boxed e-con e-child\" data-id=\"971b14f\" data-element_type=\"container\" data-e-type=\"container\">\n\t\t\t\t\t<div class=\"e-con-inner\">\n\t\t\t\t<div class=\"elementor-element elementor-element-a5cb2f8 elementor-widget elementor-widget-image\" data-id=\"a5cb2f8\" data-element_type=\"widget\" data-e-type=\"widget\" data-widget_type=\"image.default\">\n\t\t\t\t<div class=\"elementor-widget-container\">\n\t\t\t\t\t\t\t\t\t\t\t\t\t\t\t\t<a href=\"https:\/\/www.coperion.com\/en\" target=\"_blank\">\n\t\t\t\t\t\t\t<img fetchpriority=\"high\" decoding=\"async\" width=\"846\" height=\"507\" src=\"https:\/\/fylketeknik.se\/wp-content\/uploads\/2024\/02\/Group-4.png\" class=\"attachment-full size-full wp-image-630\" alt=\"\" srcset=\"https:\/\/fylketeknik.se\/wp-content\/uploads\/2024\/02\/Group-4.png 846w, https:\/\/fylketeknik.se\/wp-content\/uploads\/2024\/02\/Group-4-300x180.png 300w, https:\/\/fylketeknik.se\/wp-content\/uploads\/2024\/02\/Group-4-768x460.png 768w, https:\/\/fylketeknik.se\/wp-content\/uploads\/2024\/02\/Group-4-18x12.png 18w\" sizes=\"(max-width: 846px) 100vw, 846px\" \/>\t\t\t\t\t\t\t\t<\/a>\n\t\t\t\t\t\t\t\t\t\t\t\t\t\t\t<\/div>\n\t\t\t\t<\/div>\n\t\t\t\t<div class=\"elementor-element elementor-element-772bd6d elementor-widget elementor-widget-image\" data-id=\"772bd6d\" data-element_type=\"widget\" data-e-type=\"widget\" data-widget_type=\"image.default\">\n\t\t\t\t<div class=\"elementor-widget-container\">\n\t\t\t\t\t\t\t\t\t\t\t\t\t\t\t\t<a href=\"https:\/\/www.coperion.com\/en\/about-us\/coperion-k-tron\" target=\"_blank\">\n\t\t\t\t\t\t\t<img decoding=\"async\" width=\"846\" height=\"507\" src=\"https:\/\/fylketeknik.se\/wp-content\/uploads\/2024\/02\/Group-6.png\" class=\"attachment-full size-full wp-image-633\" alt=\"\" srcset=\"https:\/\/fylketeknik.se\/wp-content\/uploads\/2024\/02\/Group-6.png 846w, https:\/\/fylketeknik.se\/wp-content\/uploads\/2024\/02\/Group-6-300x180.png 300w, https:\/\/fylketeknik.se\/wp-content\/uploads\/2024\/02\/Group-6-768x460.png 768w, https:\/\/fylketeknik.se\/wp-content\/uploads\/2024\/02\/Group-6-18x12.png 18w\" sizes=\"(max-width: 846px) 100vw, 846px\" \/>\t\t\t\t\t\t\t\t<\/a>\n\t\t\t\t\t\t\t\t\t\t\t\t\t\t\t<\/div>\n\t\t\t\t<\/div>\n\t\t\t\t\t<\/div>\n\t\t\t\t<\/div>\n\t\t<div class=\"elementor-element elementor-element-01e5c33 e-flex e-con-boxed e-con e-child\" data-id=\"01e5c33\" data-element_type=\"container\" data-e-type=\"container\">\n\t\t\t\t\t<div class=\"e-con-inner\">\n\t\t\t\t<div class=\"elementor-element elementor-element-c18fb18 elementor-widget elementor-widget-image\" data-id=\"c18fb18\" data-element_type=\"widget\" data-e-type=\"widget\" data-widget_type=\"image.default\">\n\t\t\t\t<div class=\"elementor-widget-container\">\n\t\t\t\t\t\t\t\t\t\t\t\t\t\t\t\t<a href=\"https:\/\/siebmaschinen-separtech.de\/\" target=\"_blank\">\n\t\t\t\t\t\t\t<img decoding=\"async\" width=\"846\" height=\"507\" src=\"https:\/\/fylketeknik.se\/wp-content\/uploads\/2024\/02\/Group-5.png\" class=\"attachment-full size-full wp-image-631\" alt=\"\" srcset=\"https:\/\/fylketeknik.se\/wp-content\/uploads\/2024\/02\/Group-5.png 846w, https:\/\/fylketeknik.se\/wp-content\/uploads\/2024\/02\/Group-5-300x180.png 300w, https:\/\/fylketeknik.se\/wp-content\/uploads\/2024\/02\/Group-5-768x460.png 768w, https:\/\/fylketeknik.se\/wp-content\/uploads\/2024\/02\/Group-5-18x12.png 18w\" sizes=\"(max-width: 846px) 100vw, 846px\" \/>\t\t\t\t\t\t\t\t<\/a>\n\t\t\t\t\t\t\t\t\t\t\t\t\t\t\t<\/div>\n\t\t\t\t<\/div>\n\t\t\t\t<div class=\"elementor-element elementor-element-29d3edd elementor-widget elementor-widget-image\" data-id=\"29d3edd\" data-element_type=\"widget\" data-e-type=\"widget\" data-widget_type=\"image.default\">\n\t\t\t\t<div class=\"elementor-widget-container\">\n\t\t\t\t\t\t\t\t\t\t\t\t\t\t\t<img decoding=\"async\" width=\"846\" height=\"507\" src=\"https:\/\/fylketeknik.se\/wp-content\/uploads\/2024\/02\/Group-6.png\" class=\"attachment-full size-full wp-image-633\" alt=\"\" srcset=\"https:\/\/fylketeknik.se\/wp-content\/uploads\/2024\/02\/Group-6.png 846w, https:\/\/fylketeknik.se\/wp-content\/uploads\/2024\/02\/Group-6-300x180.png 300w, https:\/\/fylketeknik.se\/wp-content\/uploads\/2024\/02\/Group-6-768x460.png 768w, https:\/\/fylketeknik.se\/wp-content\/uploads\/2024\/02\/Group-6-18x12.png 18w\" sizes=\"(max-width: 846px) 100vw, 846px\" \/>\t\t\t\t\t\t\t\t\t\t\t\t\t\t\t<\/div>\n\t\t\t\t<\/div>\n\t\t\t\t\t<\/div>\n\t\t\t\t<\/div>\n\t\t\t\t<\/div>\n\t\t\t\t<\/div>\n\t\t<div class=\"elementor-element elementor-element-49c69a5 e-con-full e-flex e-con e-child\" data-id=\"49c69a5\" data-element_type=\"container\" data-e-type=\"container\" data-settings=\"{&quot;background_background&quot;:&quot;classic&quot;}\">\n\t\t<div class=\"elementor-element elementor-element-7215385 e-flex e-con-boxed e-con e-child\" data-id=\"7215385\" data-element_type=\"container\" data-e-type=\"container\">\n\t\t\t\t\t<div class=\"e-con-inner\">\n\t\t\t\t<div class=\"elementor-element elementor-element-5128c31 elementor-widget elementor-widget-heading\" data-id=\"5128c31\" data-element_type=\"widget\" data-e-type=\"widget\" data-widget_type=\"heading.default\">\n\t\t\t\t<div class=\"elementor-widget-container\">\n\t\t\t\t\t<h2 class=\"elementor-heading-title elementor-size-default\">Contact Us<\/h2>\t\t\t\t<\/div>\n\t\t\t\t<\/div>\n\t\t\t\t\t<\/div>\n\t\t\t\t<\/div>\n\t\t<div class=\"elementor-element elementor-element-a2c6858 e-flex e-con-boxed e-con e-child\" data-id=\"a2c6858\" data-element_type=\"container\" data-e-type=\"container\">\n\t\t\t\t\t<div class=\"e-con-inner\">\n\t\t\t\t<div class=\"elementor-element elementor-element-695b94c elementor-widget__width-initial elementor-widget-tablet__width-initial elementor-widget-mobile__width-inherit elementor-widget elementor-widget-heading\" data-id=\"695b94c\" data-element_type=\"widget\" data-e-type=\"widget\" data-widget_type=\"heading.default\">\n\t\t\t\t<div class=\"elementor-widget-container\">\n\t\t\t\t\t<h2 class=\"elementor-heading-title elementor-size-default\">Think smooth, smart and super new. Fylke can do it.<\/h2>\t\t\t\t<\/div>\n\t\t\t\t<\/div>\n\t\t\t\t<div class=\"elementor-element elementor-element-06b39ea elementor-align-center elementor-widget__width-auto elementor-widget elementor-widget-button\" data-id=\"06b39ea\" data-element_type=\"widget\" data-e-type=\"widget\" data-widget_type=\"button.default\">\n\t\t\t\t<div class=\"elementor-widget-container\">\n\t\t\t\t\t\t\t\t\t<div class=\"elementor-button-wrapper\">\n\t\t\t\t\t<a class=\"elementor-button elementor-button-link elementor-size-sm\" href=\"https:\/\/fylketeknik.se\/en\/kontakt\/\">\n\t\t\t\t\t\t<span class=\"elementor-button-content-wrapper\">\n\t\t\t\t\t\t\t\t\t<span class=\"elementor-button-text\">Contact Us<\/span>\n\t\t\t\t\t<\/span>\n\t\t\t\t\t<\/a>\n\t\t\t\t<\/div>\n\t\t\t\t\t\t\t\t<\/div>\n\t\t\t\t<\/div>\n\t\t\t\t\t<\/div>\n\t\t\t\t<\/div>\n\t\t\t\t<\/div>\n\t\t\t\t\t<\/div>\n\t\t\t\t<\/div>\n\t\t\t\t<\/div>","protected":false},"excerpt":{"rendered":"<p>Smart teknik f\u00f6r framtidens processindustri Vi erbjuder toppmodern processutrustning, maskiner och komponenter skr\u00e4ddarsydda f\u00f6r processindustrin i Norden. Kontakta oss V\u00e4lkomna till Fylke Teknik AB Vi \u00e4r din partner inom innovation och h\u00e5llbarhet f\u00f6r processindustrin. Sedan grundandet 2023 har vi med stolthet inlett v\u00e5r resa att tillhandah\u00e5lla den senaste processutrustningen, maskiner och anpassade komponenter till f\u00f6retag [&hellip;]<\/p>\n","protected":false},"author":1,"featured_media":0,"parent":0,"menu_order":0,"comment_status":"closed","ping_status":"closed","template":"","meta":{"footnotes":""},"class_list":["post-5","page","type-page","status-publish","hentry"],"_links":{"self":[{"href":"https:\/\/fylketeknik.se\/en\/wp-json\/wp\/v2\/pages\/5","targetHints":{"allow":["GET"]}}],"collection":[{"href":"https:\/\/fylketeknik.se\/en\/wp-json\/wp\/v2\/pages"}],"about":[{"href":"https:\/\/fylketeknik.se\/en\/wp-json\/wp\/v2\/types\/page"}],"author":[{"embeddable":true,"href":"https:\/\/fylketeknik.se\/en\/wp-json\/wp\/v2\/users\/1"}],"replies":[{"embeddable":true,"href":"https:\/\/fylketeknik.se\/en\/wp-json\/wp\/v2\/comments?post=5"}],"version-history":[{"count":25,"href":"https:\/\/fylketeknik.se\/en\/wp-json\/wp\/v2\/pages\/5\/revisions"}],"predecessor-version":[{"id":654,"href":"https:\/\/fylketeknik.se\/en\/wp-json\/wp\/v2\/pages\/5\/revisions\/654"}],"wp:attachment":[{"href":"https:\/\/fylketeknik.se\/en\/wp-json\/wp\/v2\/media?parent=5"}],"curies":[{"name":"wp","href":"https:\/\/api.w.org\/{rel}","templated":true}]}}